{"id":15348,"date":"2026-01-30T14:46:58","date_gmt":"2026-01-30T14:46:58","guid":{"rendered":"https:\/\/projecttobe.com\/our-team\/patricia-carvalho\/"},"modified":"2026-01-30T15:04:08","modified_gmt":"2026-01-30T15:04:08","slug":"patricia-carvalho","status":"publish","type":"page","link":"https:\/\/projecttobe.com\/en\/our-team\/patricia-carvalho\/","title":{"rendered":"Patr\u00edcia Carvalho"},"content":{"rendered":"<p>[et_pb_section fb_built=&#8221;1&#8243; admin_label=&#8221;Title section&#8221; _builder_version=&#8221;4.19.0&#8243; background_color=&#8221;#FFFFFF&#8221; custom_margin=&#8221;||||false|false&#8221; custom_margin_tablet=&#8221;&#8221; custom_margin_phone=&#8221;0px|0px|0px|0px&#8221; custom_margin_last_edited=&#8221;on|desktop&#8221; custom_padding=&#8221;160px||10px||false|false&#8221; collapsed=&#8221;off&#8221; global_colors_info=&#8221;{}&#8221;][et_pb_row column_structure=&#8221;2_5,3_5&#8243; _builder_version=&#8221;4.16&#8243; _module_preset=&#8221;default&#8221; global_colors_info=&#8221;{}&#8221;][et_pb_column type=&#8221;2_5&#8243; _builder_version=&#8221;4.16&#8243; _module_preset=&#8221;default&#8221; global_colors_info=&#8221;{}&#8221;][et_pb_image src=&#8221;https:\/\/projecttobe.com\/wp-content\/uploads\/2026\/01\/staff-EPI-detail-600px-Patricia.webp&#8221; title_text=&#8221;staff-EPI-detail-600px-Patricia&#8221; src_tablet=&#8221;https:\/\/novo.colegiodafonte.pt\/wp-content\/uploads\/2022\/01\/staff-beoura-600px-luis-nbg.png&#8221; src_phone=&#8221;https:\/\/novo.colegiodafonte.pt\/wp-content\/uploads\/2022\/01\/staff-beoura-600px-luis-nbg.png&#8221; src_last_edited=&#8221;on|desktop&#8221; module_class=&#8221;profile-pic&#8221; _builder_version=&#8221;4.27.5&#8243; _module_preset=&#8221;default&#8221; hover_enabled=&#8221;0&#8243; global_colors_info=&#8221;{}&#8221; sticky_enabled=&#8221;0&#8243;][\/et_pb_image][\/et_pb_column][et_pb_column type=&#8221;3_5&#8243; _builder_version=&#8221;4.16&#8243; _module_preset=&#8221;default&#8221; global_colors_info=&#8221;{}&#8221;][et_pb_text admin_label=&#8221;person name&#8221; _builder_version=&#8221;4.27.5&#8243; text_font=&#8221;||||||||&#8221; header_font=&#8221;||||||||&#8221; header_2_font=&#8221;Bungee|||on|||||&#8221; header_2_text_align=&#8221;left&#8221; header_2_font_size=&#8221;30px&#8221; header_2_letter_spacing=&#8221;4px&#8221; module_alignment=&#8221;center&#8221; custom_margin=&#8221;||0px||false|false&#8221; custom_padding=&#8221;||||false|false&#8221; animation_style=&#8221;fade&#8221; hover_enabled=&#8221;0&#8243; global_colors_info=&#8221;{}&#8221; sticky_enabled=&#8221;0&#8243;]<\/p>\n<h2>Patr\u00edcia Carvalho<\/h2>\n<p>[\/et_pb_text][et_pb_text admin_label=&#8221;Job title&#8221; _builder_version=&#8221;4.27.5&#8243; _module_preset=&#8221;default&#8221; text_font=&#8221;|||on|||||&#8221; text_text_color=&#8221;#68665f&#8221; text_font_size=&#8221;14px&#8221; text_line_height=&#8221;1.9em&#8221; custom_margin=&#8221;5px||||false|false&#8221; custom_padding=&#8221;0px||||false|false&#8221; hover_enabled=&#8221;0&#8243; global_colors_info=&#8221;{}&#8221; sticky_enabled=&#8221;0&#8243;]<\/p>\n<p>General and Pedagogical Director at Escola P\u00e1tio da In\u00eas<\/p>\n<p>[\/et_pb_text][et_pb_icon font_icon=&#8221;&#xf0e0;||fa||400&#8243; icon_color=&#8221;#000000&#8243; icon_width=&#8221;20px&#8221; url=&#8221;mailto:patriciacarvalho@patiodaines.pt&#8221; url_new_window=&#8221;on&#8221; admin_label=&#8221;Email&#8221; _builder_version=&#8221;4.27.5&#8243; _module_preset=&#8221;default&#8221; hover_enabled=&#8221;0&#8243; custom_css_main_element=&#8221;display: inline-block;&#8221; global_colors_info=&#8221;{}&#8221; icon_color__hover_enabled=&#8221;on|hover&#8221; icon_color__hover=&#8221;#C62120&#8243; sticky_enabled=&#8221;0&#8243;][\/et_pb_icon][et_pb_icon font_icon=&#8221;&#xf0e1;||fa||400&#8243; icon_color=&#8221;#000000&#8243; icon_width=&#8221;20px&#8221; url=&#8221;https:\/\/www.linkedin.com\/in\/jdstoffel\/&#8221; url_new_window=&#8221;on&#8221; disabled_on=&#8221;on|on|on&#8221; admin_label=&#8221;LinkedIn&#8221; _builder_version=&#8221;4.22.2&#8243; _module_preset=&#8221;default&#8221; custom_css_main_element=&#8221;display: inline-block;||margin-left: 20px;&#8221; disabled=&#8221;on&#8221; global_colors_info=&#8221;{}&#8221; icon_color__hover_enabled=&#8221;on|hover&#8221; icon_color__hover=&#8221;#C62120&#8243;][\/et_pb_icon][et_pb_text admin_label=&#8221;Job description&#8221; _builder_version=&#8221;4.27.5&#8243; text_font=&#8221;||||||||&#8221; text_text_color=&#8221;#282828&#8243; header_font=&#8221;||||||||&#8221; header_text_align=&#8221;left&#8221; header_text_color=&#8221;#282828&#8243; header_2_font=&#8221;Bungee|||on|||||&#8221; header_2_text_align=&#8221;left&#8221; header_2_text_color=&#8221;#282828&#8243; header_2_font_size=&#8221;30px&#8221; header_2_letter_spacing=&#8221;1px&#8221; header_2_line_height=&#8221;1.9rem&#8221; header_3_font=&#8221;Bungee||||||||&#8221; header_3_text_color=&#8221;#282828&#8243; header_3_font_size=&#8221;20px&#8221; header_5_font=&#8221;|||on|||||&#8221; header_5_text_align=&#8221;left&#8221; header_5_text_color=&#8221;#000000&#8243; header_5_font_size=&#8221;14px&#8221; width=&#8221;80%&#8221; width_tablet=&#8221;80%&#8221; width_phone=&#8221;90%&#8221; width_last_edited=&#8221;on|phone&#8221; module_alignment=&#8221;left&#8221; custom_margin=&#8221;30px||10px||false|false&#8221; custom_padding=&#8221;||||false|false&#8221; animation_style=&#8221;fade&#8221; hover_enabled=&#8221;0&#8243; global_colors_info=&#8221;{}&#8221; sticky_enabled=&#8221;0&#8243;]<\/p>\n<h3>Role in Project To Be<\/h3>\n<p>General and Pedagogical Director of P\u00e1tio da In\u00eas School<br \/>\nMember of the Pedagogical Council of Project To Be.[\/et_pb_text][et_pb_text admin_label=&#8221;Curriculum&#8221; _builder_version=&#8221;4.27.5&#8243; text_font=&#8221;||||||||&#8221; text_text_color=&#8221;#282828&#8243; header_font=&#8221;||||||||&#8221; header_text_align=&#8221;left&#8221; header_text_color=&#8221;#282828&#8243; header_2_font=&#8221;Bungee|||on|||||&#8221; header_2_text_align=&#8221;left&#8221; header_2_text_color=&#8221;#282828&#8243; header_2_font_size=&#8221;30px&#8221; header_2_letter_spacing=&#8221;1px&#8221; header_2_line_height=&#8221;1.9rem&#8221; header_3_font=&#8221;Bungee||||||||&#8221; header_3_text_color=&#8221;#282828&#8243; header_3_font_size=&#8221;20px&#8221; header_5_font=&#8221;|||on|||||&#8221; header_5_text_align=&#8221;left&#8221; header_5_text_color=&#8221;#000000&#8243; header_5_font_size=&#8221;14px&#8221; width=&#8221;80%&#8221; width_tablet=&#8221;80%&#8221; width_phone=&#8221;90%&#8221; width_last_edited=&#8221;on|phone&#8221; module_alignment=&#8221;left&#8221; custom_margin=&#8221;30px||10px||false|false&#8221; custom_padding=&#8221;||||false|false&#8221; animation_style=&#8221;fade&#8221; hover_enabled=&#8221;0&#8243; global_colors_info=&#8221;{}&#8221; sticky_enabled=&#8221;0&#8243;]<\/p>\n<h3>Curriculum<\/h3>\n<p>With a degree in Public Management and Administration (Human Resources branch) from the Technical University of Lisbon. She completed postgraduate studies in Labour Law at the University of Coimbra. She qualified as a teacher in group 430 (Economics) at the Higher School of Education of Leiria and, in 2025, completed an Advanced Programme in Digital Transformation at the Catholic University of Porto.  <\/p>\n<p>She has over twenty years of experience in the Education sector, including leadership roles in Human Resources Management, Teaching, and School Administration in private schools.[\/et_pb_text][et_pb_text admin_label=&#8221;Personal note&#8221; _builder_version=&#8221;4.27.5&#8243; text_font=&#8221;||||||||&#8221; text_text_color=&#8221;#282828&#8243; header_font=&#8221;||||||||&#8221; header_text_align=&#8221;left&#8221; header_text_color=&#8221;#282828&#8243; header_2_font=&#8221;Bungee|||on|||||&#8221; header_2_text_align=&#8221;left&#8221; header_2_text_color=&#8221;#282828&#8243; header_2_font_size=&#8221;30px&#8221; header_2_letter_spacing=&#8221;1px&#8221; header_2_line_height=&#8221;1.9rem&#8221; header_3_font=&#8221;Bungee||||||||&#8221; header_3_text_color=&#8221;#282828&#8243; header_3_font_size=&#8221;20px&#8221; header_5_font=&#8221;|||on|||||&#8221; header_5_text_align=&#8221;left&#8221; header_5_text_color=&#8221;#000000&#8243; header_5_font_size=&#8221;14px&#8221; width=&#8221;80%&#8221; width_tablet=&#8221;80%&#8221; width_phone=&#8221;90%&#8221; width_last_edited=&#8221;on|phone&#8221; module_alignment=&#8221;left&#8221; custom_margin=&#8221;30px||40px||false|false&#8221; custom_padding=&#8221;||||false|false&#8221; animation_style=&#8221;fade&#8221; hover_enabled=&#8221;0&#8243; global_colors_info=&#8221;{}&#8221; sticky_enabled=&#8221;0&#8243;]<\/p>\n<h3>Personal Note<\/h3>\n<p>Family is her port Harbor, and she considers herself a positive and happy woman.<br \/>\nShe enjoys playing sports, reading, traveling, and being in contact with nature.<\/p>\n<p>She belonged to the National Scout Corps (CNE) for over a decade, where she led several groups in the 1st section\/Cub Scouts.[\/et_pb_text][\/et_pb_column][\/et_pb_row][\/et_pb_section]<\/p>\n","protected":false},"excerpt":{"rendered":"<p>Patr\u00edcia CarvalhoGeneral and Pedagogical Director at Escola P\u00e1tio da In\u00easRole in Project To Be General and Pedagogical Director of P\u00e1tio da In\u00eas School Member of the Pedagogical Council of Project To Be.Curriculum With a degree in Public Management and Administration (Human Resources branch) from the Technical University of Lisbon. She completed postgraduate studies in Labour [&hellip;]<\/p>\n","protected":false},"author":2,"featured_media":0,"parent":2073,"menu_order":0,"comment_status":"closed","ping_status":"closed","template":"","meta":{"_acf_changed":false,"_et_pb_use_builder":"on","_et_pb_old_content":"","_et_gb_content_width":"","footnotes":""},"class_list":["post-15348","page","type-page","status-publish","hentry"],"acf":[],"yoast_head":"<!-- This site is optimized with the Yoast SEO plugin v26.8 - https:\/\/yoast.com\/product\/yoast-seo-wordpress\/ -->\n<title>Patr\u00edcia Carvalho - Project To Be<\/title>\n<meta name=\"robots\" content=\"index, follow, max-snippet:-1, max-image-preview:large, max-video-preview:-1\" \/>\n<link rel=\"canonical\" href=\"https:\/\/projecttobe.com\/en\/our-team\/patricia-carvalho\/\" \/>\n<meta property=\"og:locale\" content=\"en_US\" \/>\n<meta property=\"og:type\" content=\"article\" \/>\n<meta property=\"og:title\" content=\"Patr\u00edcia Carvalho - Project To Be\" \/>\n<meta property=\"og:description\" content=\"Patr\u00edcia CarvalhoGeneral and Pedagogical Director at Escola P\u00e1tio da In\u00easRole in Project To Be General and Pedagogical Director of P\u00e1tio da In\u00eas School Member of the Pedagogical Council of Project To Be.Curriculum With a degree in Public Management and Administration (Human Resources branch) from the Technical University of Lisbon. She completed postgraduate studies in Labour [&hellip;]\" \/>\n<meta property=\"og:site_name\" content=\"Project To Be\" \/>\n<meta property=\"article:publisher\" content=\"https:\/\/www.facebook.com\/ProjectToBe\/?locale=pt_PT\" \/>\n<meta property=\"article:modified_time\" content=\"2026-01-30T15:04:08+00:00\" \/>\n<meta name=\"twitter:card\" content=\"summary_large_image\" \/>\n<meta name=\"twitter:label1\" content=\"Est. reading time\" \/>\n\t<meta name=\"twitter:data1\" content=\"4 minutes\" \/>\n<script type=\"application\/ld+json\" class=\"yoast-schema-graph\">{\"@context\":\"https:\/\/schema.org\",\"@graph\":[{\"@type\":\"WebPage\",\"@id\":\"https:\/\/projecttobe.com\/en\/our-team\/patricia-carvalho\/\",\"url\":\"https:\/\/projecttobe.com\/en\/our-team\/patricia-carvalho\/\",\"name\":\"Patr\u00edcia Carvalho - Project To Be\",\"isPartOf\":{\"@id\":\"https:\/\/projecttobe.com\/#website\"},\"datePublished\":\"2026-01-30T14:46:58+00:00\",\"dateModified\":\"2026-01-30T15:04:08+00:00\",\"breadcrumb\":{\"@id\":\"https:\/\/projecttobe.com\/en\/our-team\/patricia-carvalho\/#breadcrumb\"},\"inLanguage\":\"en-US\",\"potentialAction\":[{\"@type\":\"ReadAction\",\"target\":[\"https:\/\/projecttobe.com\/en\/our-team\/patricia-carvalho\/\"]}]},{\"@type\":\"BreadcrumbList\",\"@id\":\"https:\/\/projecttobe.com\/en\/our-team\/patricia-carvalho\/#breadcrumb\",\"itemListElement\":[{\"@type\":\"ListItem\",\"position\":1,\"name\":\"In\u00edcio\",\"item\":\"https:\/\/projecttobe.com\/en\/home-2\/\"},{\"@type\":\"ListItem\",\"position\":2,\"name\":\"To Be Team\",\"item\":\"https:\/\/projecttobe.com\/en\/our-team\/\"},{\"@type\":\"ListItem\",\"position\":3,\"name\":\"Patr\u00edcia Carvalho\"}]},{\"@type\":\"WebSite\",\"@id\":\"https:\/\/projecttobe.com\/#website\",\"url\":\"https:\/\/projecttobe.com\/\",\"name\":\"Project To Be\",\"description\":\"Grow for the World\",\"publisher\":{\"@id\":\"https:\/\/projecttobe.com\/#organization\"},\"potentialAction\":[{\"@type\":\"SearchAction\",\"target\":{\"@type\":\"EntryPoint\",\"urlTemplate\":\"https:\/\/projecttobe.com\/?s={search_term_string}\"},\"query-input\":{\"@type\":\"PropertyValueSpecification\",\"valueRequired\":true,\"valueName\":\"search_term_string\"}}],\"inLanguage\":\"en-US\"},{\"@type\":\"Organization\",\"@id\":\"https:\/\/projecttobe.com\/#organization\",\"name\":\"Project To Be\",\"url\":\"https:\/\/projecttobe.com\/\",\"logo\":{\"@type\":\"ImageObject\",\"inLanguage\":\"en-US\",\"@id\":\"https:\/\/projecttobe.com\/#\/schema\/logo\/image\/\",\"url\":\"https:\/\/projecttobe.com\/wp-content\/uploads\/2022\/09\/ProjectToBe_Logo.svg\",\"contentUrl\":\"https:\/\/projecttobe.com\/wp-content\/uploads\/2022\/09\/ProjectToBe_Logo.svg\",\"width\":237,\"height\":150,\"caption\":\"Project To Be\"},\"image\":{\"@id\":\"https:\/\/projecttobe.com\/#\/schema\/logo\/image\/\"},\"sameAs\":[\"https:\/\/www.facebook.com\/ProjectToBe\/?locale=pt_PT\",\"https:\/\/www.instagram.com\/project_to_be\/\"]}]}<\/script>\n<!-- \/ Yoast SEO plugin. -->","yoast_head_json":{"title":"Patr\u00edcia Carvalho - Project To Be","robots":{"index":"index","follow":"follow","max-snippet":"max-snippet:-1","max-image-preview":"max-image-preview:large","max-video-preview":"max-video-preview:-1"},"canonical":"https:\/\/projecttobe.com\/en\/our-team\/patricia-carvalho\/","og_locale":"en_US","og_type":"article","og_title":"Patr\u00edcia Carvalho - Project To Be","og_description":"Patr\u00edcia CarvalhoGeneral and Pedagogical Director at Escola P\u00e1tio da In\u00easRole in Project To Be General and Pedagogical Director of P\u00e1tio da In\u00eas School Member of the Pedagogical Council of Project To Be.Curriculum With a degree in Public Management and Administration (Human Resources branch) from the Technical University of Lisbon. She completed postgraduate studies in Labour [&hellip;]","og_site_name":"Project To Be","article_publisher":"https:\/\/www.facebook.com\/ProjectToBe\/?locale=pt_PT","article_modified_time":"2026-01-30T15:04:08+00:00","twitter_card":"summary_large_image","twitter_misc":{"Est. reading time":"4 minutes"},"schema":{"@context":"https:\/\/schema.org","@graph":[{"@type":"WebPage","@id":"https:\/\/projecttobe.com\/en\/our-team\/patricia-carvalho\/","url":"https:\/\/projecttobe.com\/en\/our-team\/patricia-carvalho\/","name":"Patr\u00edcia Carvalho - Project To Be","isPartOf":{"@id":"https:\/\/projecttobe.com\/#website"},"datePublished":"2026-01-30T14:46:58+00:00","dateModified":"2026-01-30T15:04:08+00:00","breadcrumb":{"@id":"https:\/\/projecttobe.com\/en\/our-team\/patricia-carvalho\/#breadcrumb"},"inLanguage":"en-US","potentialAction":[{"@type":"ReadAction","target":["https:\/\/projecttobe.com\/en\/our-team\/patricia-carvalho\/"]}]},{"@type":"BreadcrumbList","@id":"https:\/\/projecttobe.com\/en\/our-team\/patricia-carvalho\/#breadcrumb","itemListElement":[{"@type":"ListItem","position":1,"name":"In\u00edcio","item":"https:\/\/projecttobe.com\/en\/home-2\/"},{"@type":"ListItem","position":2,"name":"To Be Team","item":"https:\/\/projecttobe.com\/en\/our-team\/"},{"@type":"ListItem","position":3,"name":"Patr\u00edcia Carvalho"}]},{"@type":"WebSite","@id":"https:\/\/projecttobe.com\/#website","url":"https:\/\/projecttobe.com\/","name":"Project To Be","description":"Grow for the World","publisher":{"@id":"https:\/\/projecttobe.com\/#organization"},"potentialAction":[{"@type":"SearchAction","target":{"@type":"EntryPoint","urlTemplate":"https:\/\/projecttobe.com\/?s={search_term_string}"},"query-input":{"@type":"PropertyValueSpecification","valueRequired":true,"valueName":"search_term_string"}}],"inLanguage":"en-US"},{"@type":"Organization","@id":"https:\/\/projecttobe.com\/#organization","name":"Project To Be","url":"https:\/\/projecttobe.com\/","logo":{"@type":"ImageObject","inLanguage":"en-US","@id":"https:\/\/projecttobe.com\/#\/schema\/logo\/image\/","url":"https:\/\/projecttobe.com\/wp-content\/uploads\/2022\/09\/ProjectToBe_Logo.svg","contentUrl":"https:\/\/projecttobe.com\/wp-content\/uploads\/2022\/09\/ProjectToBe_Logo.svg","width":237,"height":150,"caption":"Project To Be"},"image":{"@id":"https:\/\/projecttobe.com\/#\/schema\/logo\/image\/"},"sameAs":["https:\/\/www.facebook.com\/ProjectToBe\/?locale=pt_PT","https:\/\/www.instagram.com\/project_to_be\/"]}]}},"_links":{"self":[{"href":"https:\/\/projecttobe.com\/en\/wp-json\/wp\/v2\/pages\/15348","targetHints":{"allow":["GET"]}}],"collection":[{"href":"https:\/\/projecttobe.com\/en\/wp-json\/wp\/v2\/pages"}],"about":[{"href":"https:\/\/projecttobe.com\/en\/wp-json\/wp\/v2\/types\/page"}],"author":[{"embeddable":true,"href":"https:\/\/projecttobe.com\/en\/wp-json\/wp\/v2\/users\/2"}],"replies":[{"embeddable":true,"href":"https:\/\/projecttobe.com\/en\/wp-json\/wp\/v2\/comments?post=15348"}],"version-history":[{"count":2,"href":"https:\/\/projecttobe.com\/en\/wp-json\/wp\/v2\/pages\/15348\/revisions"}],"predecessor-version":[{"id":15350,"href":"https:\/\/projecttobe.com\/en\/wp-json\/wp\/v2\/pages\/15348\/revisions\/15350"}],"up":[{"embeddable":true,"href":"https:\/\/projecttobe.com\/en\/wp-json\/wp\/v2\/pages\/2073"}],"wp:attachment":[{"href":"https:\/\/projecttobe.com\/en\/wp-json\/wp\/v2\/media?parent=15348"}],"curies":[{"name":"wp","href":"https:\/\/api.w.org\/{rel}","templated":true}]}}